{"id":498,"date":"2025-04-27T20:29:47","date_gmt":"2025-04-27T18:29:47","guid":{"rendered":"https:\/\/biohackingsummit.cz\/?page_id=498"},"modified":"2025-08-07T10:06:05","modified_gmt":"2025-08-07T08:06:05","slug":"contact","status":"publish","type":"page","link":"https:\/\/biohackingsummit.cz\/en\/contact\/","title":{"rendered":"Contact"},"content":{"rendered":"\t\t<div data-elementor-type=\"wp-page\" data-elementor-id=\"498\" class=\"elementor elementor-498\" data-elementor-post-type=\"page\">\n\t\t\t\t<div class=\"elementor-element elementor-element-cd7382e e-con-full e-flex e-con e-parent\" data-id=\"cd7382e\" data-element_type=\"container\" data-e-type=\"container\" data-settings=\"{&quot;background_background&quot;:&quot;classic&quot;}\">\n\t\t<div class=\"elementor-element elementor-element-4b2844d e-con-full e-flex e-con e-child\" data-id=\"4b2844d\" data-element_type=\"container\" data-e-type=\"container\">\n\t\t<div class=\"elementor-element elementor-element-1b8678a e-con-full e-flex e-con e-child\" data-id=\"1b8678a\" data-element_type=\"container\" data-e-type=\"container\">\n\t\t<div class=\"elementor-element elementor-element-6f37209 e-con-full e-grid e-con e-child\" data-id=\"6f37209\" data-element_type=\"container\" data-e-type=\"container\">\n\t\t<div class=\"elementor-element elementor-element-077cf63 e-con-full e-flex e-con e-child\" data-id=\"077cf63\" data-element_type=\"container\" data-e-type=\"container\" data-settings=\"{&quot;background_background&quot;:&quot;classic&quot;}\">\n\t\t<div class=\"elementor-element elementor-element-cffacfc e-con-full e-flex e-con e-child\" data-id=\"cffacfc\" data-element_type=\"container\" data-e-type=\"container\">\n\t\t\t\t<div class=\"elementor-element elementor-element-1da94b6 elementor-widget__width-initial elementor-widget elementor-widget-image\" data-id=\"1da94b6\" data-element_type=\"widget\" data-e-type=\"widget\" data-widget_type=\"image.default\">\n\t\t\t\t<div class=\"elementor-widget-container\">\n\t\t\t\t\t\t\t\t\t\t\t\t\t\t\t<img fetchpriority=\"high\" decoding=\"async\" width=\"500\" height=\"500\" src=\"https:\/\/biohackingsummit.cz\/wp-content\/uploads\/2025\/05\/3472-Jan-Allister.jpg\" class=\"attachment-large size-large wp-image-957\" alt=\"\" srcset=\"https:\/\/biohackingsummit.cz\/wp-content\/uploads\/2025\/05\/3472-Jan-Allister.jpg 500w, https:\/\/biohackingsummit.cz\/wp-content\/uploads\/2025\/05\/3472-Jan-Allister-300x300.jpg 300w, https:\/\/biohackingsummit.cz\/wp-content\/uploads\/2025\/05\/3472-Jan-Allister-150x150.jpg 150w\" sizes=\"(max-width: 500px) 100vw, 500px\" \/>\t\t\t\t\t\t\t\t\t\t\t\t\t\t\t<\/div>\n\t\t\t\t<\/div>\n\t\t\t\t<div class=\"elementor-element elementor-element-171ddaf elementor-widget elementor-widget-heading\" data-id=\"171ddaf\" data-element_type=\"widget\" data-e-type=\"widget\" data-widget_type=\"heading.default\">\n\t\t\t\t<div class=\"elementor-widget-container\">\n\t\t\t\t\t<div class=\"elementor-heading-title elementor-size-default\">Johnny <br>Allister<\/div>\t\t\t\t<\/div>\n\t\t\t\t<\/div>\n\t\t\t\t<\/div>\n\t\t\t\t<div class=\"elementor-element elementor-element-4c02d8b elementor-widget-divider--view-line elementor-widget elementor-widget-divider\" data-id=\"4c02d8b\" data-element_type=\"widget\" data-e-type=\"widget\" data-widget_type=\"divider.default\">\n\t\t\t\t<div class=\"elementor-widget-container\">\n\t\t\t\t\t\t\t<div class=\"elementor-divider\">\n\t\t\t<span class=\"elementor-divider-separator\">\n\t\t\t\t\t\t<\/span>\n\t\t<\/div>\n\t\t\t\t\t\t<\/div>\n\t\t\t\t<\/div>\n\t\t\t\t<div class=\"elementor-element elementor-element-7fc5464 elementor-widget elementor-widget-heading\" data-id=\"7fc5464\" data-element_type=\"widget\" data-e-type=\"widget\" data-widget_type=\"heading.default\">\n\t\t\t\t<div class=\"elementor-widget-container\">\n\t\t\t\t\t<div class=\"elementor-heading-title elementor-size-default\">Partnership Director<\/div>\t\t\t\t<\/div>\n\t\t\t\t<\/div>\n\t\t\t\t<div class=\"elementor-element elementor-element-e7cc208 elementor-widget elementor-widget-heading\" data-id=\"e7cc208\" data-element_type=\"widget\" data-e-type=\"widget\" data-widget_type=\"heading.default\">\n\t\t\t\t<div class=\"elementor-widget-container\">\n\t\t\t\t\t<div class=\"elementor-heading-title elementor-size-default\"><a href=\"tel:728192498\">+420 728 192 498<\/a><\/div>\t\t\t\t<\/div>\n\t\t\t\t<\/div>\n\t\t\t\t<div class=\"elementor-element elementor-element-a59390b elementor-widget elementor-widget-heading\" data-id=\"a59390b\" data-element_type=\"widget\" data-e-type=\"widget\" data-widget_type=\"heading.default\">\n\t\t\t\t<div class=\"elementor-widget-container\">\n\t\t\t\t\t<div class=\"elementor-heading-title elementor-size-default\"><a href=\"mailto:jan@allister.cz\">jan@allister.cz<\/a><\/div>\t\t\t\t<\/div>\n\t\t\t\t<\/div>\n\t\t\t\t<\/div>\n\t\t<div class=\"elementor-element elementor-element-f5a9be2 e-con-full e-flex e-con e-child\" data-id=\"f5a9be2\" data-element_type=\"container\" data-e-type=\"container\" data-settings=\"{&quot;background_background&quot;:&quot;classic&quot;}\">\n\t\t<div class=\"elementor-element elementor-element-06355af e-con-full e-flex e-con e-child\" data-id=\"06355af\" data-element_type=\"container\" data-e-type=\"container\">\n\t\t\t\t<div class=\"elementor-element elementor-element-644cfd5 elementor-widget__width-initial elementor-widget elementor-widget-image\" data-id=\"644cfd5\" data-element_type=\"widget\" data-e-type=\"widget\" data-widget_type=\"image.default\">\n\t\t\t\t<div class=\"elementor-widget-container\">\n\t\t\t\t\t\t\t\t\t\t\t\t\t\t\t<img decoding=\"async\" width=\"594\" height=\"857\" src=\"https:\/\/biohackingsummit.cz\/wp-content\/uploads\/2025\/05\/d7e89c0a-77d0-493f-967e-39f738945b4f.jpg\" class=\"attachment-large size-large wp-image-917\" alt=\"\" srcset=\"https:\/\/biohackingsummit.cz\/wp-content\/uploads\/2025\/05\/d7e89c0a-77d0-493f-967e-39f738945b4f.jpg 594w, https:\/\/biohackingsummit.cz\/wp-content\/uploads\/2025\/05\/d7e89c0a-77d0-493f-967e-39f738945b4f-208x300.jpg 208w\" sizes=\"(max-width: 594px) 100vw, 594px\" \/>\t\t\t\t\t\t\t\t\t\t\t\t\t\t\t<\/div>\n\t\t\t\t<\/div>\n\t\t\t\t<div class=\"elementor-element elementor-element-5dedc27 elementor-widget elementor-widget-heading\" data-id=\"5dedc27\" data-element_type=\"widget\" data-e-type=\"widget\" data-widget_type=\"heading.default\">\n\t\t\t\t<div class=\"elementor-widget-container\">\n\t\t\t\t\t<div class=\"elementor-heading-title elementor-size-default\">Daniela <br>Sl\u00e1dkov\u00e1<\/div>\t\t\t\t<\/div>\n\t\t\t\t<\/div>\n\t\t\t\t<\/div>\n\t\t\t\t<div class=\"elementor-element elementor-element-f116afc elementor-widget-divider--view-line elementor-widget elementor-widget-divider\" data-id=\"f116afc\" data-element_type=\"widget\" data-e-type=\"widget\" data-widget_type=\"divider.default\">\n\t\t\t\t<div class=\"elementor-widget-container\">\n\t\t\t\t\t\t\t<div class=\"elementor-divider\">\n\t\t\t<span class=\"elementor-divider-separator\">\n\t\t\t\t\t\t<\/span>\n\t\t<\/div>\n\t\t\t\t\t\t<\/div>\n\t\t\t\t<\/div>\n\t\t\t\t<div class=\"elementor-element elementor-element-02d0c62 elementor-widget elementor-widget-heading\" data-id=\"02d0c62\" data-element_type=\"widget\" data-e-type=\"widget\" data-widget_type=\"heading.default\">\n\t\t\t\t<div class=\"elementor-widget-container\">\n\t\t\t\t\t<div class=\"elementor-heading-title elementor-size-default\">Event coordinator \n<\/div>\t\t\t\t<\/div>\n\t\t\t\t<\/div>\n\t\t\t\t<div class=\"elementor-element elementor-element-83a3be5 elementor-widget elementor-widget-heading\" data-id=\"83a3be5\" data-element_type=\"widget\" data-e-type=\"widget\" data-widget_type=\"heading.default\">\n\t\t\t\t<div class=\"elementor-widget-container\">\n\t\t\t\t\t<div class=\"elementor-heading-title elementor-size-default\"><a href=\"tel:737253588\">+420 737 253 588<\/a><\/div>\t\t\t\t<\/div>\n\t\t\t\t<\/div>\n\t\t\t\t<div class=\"elementor-element elementor-element-c6d2750 elementor-widget elementor-widget-heading\" data-id=\"c6d2750\" data-element_type=\"widget\" data-e-type=\"widget\" data-widget_type=\"heading.default\">\n\t\t\t\t<div class=\"elementor-widget-container\">\n\t\t\t\t\t<div class=\"elementor-heading-title elementor-size-default\"><a href=\"mailto:daniela@futurefoodprague.cz\">daniela@futurefoodprague.cz<\/a><\/div>\t\t\t\t<\/div>\n\t\t\t\t<\/div>\n\t\t\t\t<\/div>\n\t\t<div class=\"elementor-element elementor-element-36976c8 e-con-full e-flex e-con e-child\" data-id=\"36976c8\" data-element_type=\"container\" data-e-type=\"container\" data-settings=\"{&quot;background_background&quot;:&quot;classic&quot;}\">\n\t\t<div class=\"elementor-element elementor-element-7d1d590 e-con-full e-flex e-con e-child\" data-id=\"7d1d590\" data-element_type=\"container\" data-e-type=\"container\">\n\t\t\t\t<div class=\"elementor-element elementor-element-d082969 elementor-widget__width-initial elementor-widget elementor-widget-image\" data-id=\"d082969\" data-element_type=\"widget\" data-e-type=\"widget\" data-widget_type=\"image.default\">\n\t\t\t\t<div class=\"elementor-widget-container\">\n\t\t\t\t\t\t\t\t\t\t\t\t\t\t\t<img decoding=\"async\" width=\"683\" height=\"1024\" src=\"https:\/\/biohackingsummit.cz\/wp-content\/uploads\/2025\/05\/IMG_3457-683x1024.jpg\" class=\"attachment-large size-large wp-image-955\" alt=\"\" srcset=\"https:\/\/biohackingsummit.cz\/wp-content\/uploads\/2025\/05\/IMG_3457-683x1024.jpg 683w, https:\/\/biohackingsummit.cz\/wp-content\/uploads\/2025\/05\/IMG_3457-200x300.jpg 200w, https:\/\/biohackingsummit.cz\/wp-content\/uploads\/2025\/05\/IMG_3457-768x1152.jpg 768w, https:\/\/biohackingsummit.cz\/wp-content\/uploads\/2025\/05\/IMG_3457-1024x1536.jpg 1024w, https:\/\/biohackingsummit.cz\/wp-content\/uploads\/2025\/05\/IMG_3457.jpg 1067w\" sizes=\"(max-width: 683px) 100vw, 683px\" \/>\t\t\t\t\t\t\t\t\t\t\t\t\t\t\t<\/div>\n\t\t\t\t<\/div>\n\t\t\t\t<div class=\"elementor-element elementor-element-a1774c1 elementor-widget elementor-widget-heading\" data-id=\"a1774c1\" data-element_type=\"widget\" data-e-type=\"widget\" data-widget_type=\"heading.default\">\n\t\t\t\t<div class=\"elementor-widget-container\">\n\t\t\t\t\t<div class=\"elementor-heading-title elementor-size-default\">Vladim\u00edr <br>Dolej\u0161<\/div>\t\t\t\t<\/div>\n\t\t\t\t<\/div>\n\t\t\t\t<\/div>\n\t\t\t\t<div class=\"elementor-element elementor-element-e68f53d elementor-widget-divider--view-line elementor-widget elementor-widget-divider\" data-id=\"e68f53d\" data-element_type=\"widget\" data-e-type=\"widget\" data-widget_type=\"divider.default\">\n\t\t\t\t<div class=\"elementor-widget-container\">\n\t\t\t\t\t\t\t<div class=\"elementor-divider\">\n\t\t\t<span class=\"elementor-divider-separator\">\n\t\t\t\t\t\t<\/span>\n\t\t<\/div>\n\t\t\t\t\t\t<\/div>\n\t\t\t\t<\/div>\n\t\t\t\t<div class=\"elementor-element elementor-element-c203723 elementor-widget elementor-widget-heading\" data-id=\"c203723\" data-element_type=\"widget\" data-e-type=\"widget\" data-widget_type=\"heading.default\">\n\t\t\t\t<div class=\"elementor-widget-container\">\n\t\t\t\t\t<div class=\"elementor-heading-title elementor-size-default\">Co-founder and event production <\/div>\t\t\t\t<\/div>\n\t\t\t\t<\/div>\n\t\t\t\t<div class=\"elementor-element elementor-element-6bb1d32 elementor-widget elementor-widget-heading\" data-id=\"6bb1d32\" data-element_type=\"widget\" data-e-type=\"widget\" data-widget_type=\"heading.default\">\n\t\t\t\t<div class=\"elementor-widget-container\">\n\t\t\t\t\t<div class=\"elementor-heading-title elementor-size-default\"><a href=\"mailto:vladimir@futurefoodprague.cz\">vladimir@futurefoodprague.cz<\/a><\/div>\t\t\t\t<\/div>\n\t\t\t\t<\/div>\n\t\t\t\t<\/div>\n\t\t<div class=\"elementor-element elementor-element-cbcb27c e-con-full e-flex e-con e-child\" data-id=\"cbcb27c\" data-element_type=\"container\" data-e-type=\"container\" data-settings=\"{&quot;background_background&quot;:&quot;classic&quot;}\">\n\t\t<div class=\"elementor-element elementor-element-bcf561a e-con-full e-flex e-con e-child\" data-id=\"bcf561a\" data-element_type=\"container\" data-e-type=\"container\">\n\t\t\t\t<div class=\"elementor-element elementor-element-0174bf5 elementor-widget__width-initial elementor-widget elementor-widget-image\" data-id=\"0174bf5\" data-element_type=\"widget\" data-e-type=\"widget\" data-widget_type=\"image.default\">\n\t\t\t\t<div class=\"elementor-widget-container\">\n\t\t\t\t\t\t\t\t\t\t\t\t\t\t\t<img loading=\"lazy\" decoding=\"async\" width=\"800\" height=\"800\" src=\"https:\/\/biohackingsummit.cz\/wp-content\/uploads\/2025\/05\/Dusan-Plichta-1024x1024.jpg\" class=\"attachment-large size-large wp-image-1051\" alt=\"\" srcset=\"https:\/\/biohackingsummit.cz\/wp-content\/uploads\/2025\/05\/Dusan-Plichta-1024x1024.jpg 1024w, https:\/\/biohackingsummit.cz\/wp-content\/uploads\/2025\/05\/Dusan-Plichta-300x300.jpg 300w, https:\/\/biohackingsummit.cz\/wp-content\/uploads\/2025\/05\/Dusan-Plichta-150x150.jpg 150w, https:\/\/biohackingsummit.cz\/wp-content\/uploads\/2025\/05\/Dusan-Plichta-768x768.jpg 768w, https:\/\/biohackingsummit.cz\/wp-content\/uploads\/2025\/05\/Dusan-Plichta.jpg 1202w\" sizes=\"(max-width: 800px) 100vw, 800px\" \/>\t\t\t\t\t\t\t\t\t\t\t\t\t\t\t<\/div>\n\t\t\t\t<\/div>\n\t\t\t\t<div class=\"elementor-element elementor-element-1aab8f4 elementor-widget elementor-widget-heading\" data-id=\"1aab8f4\" data-element_type=\"widget\" data-e-type=\"widget\" data-widget_type=\"heading.default\">\n\t\t\t\t<div class=\"elementor-widget-container\">\n\t\t\t\t\t<div class=\"elementor-heading-title elementor-size-default\">Du\u0161an <br>Plichta<\/div>\t\t\t\t<\/div>\n\t\t\t\t<\/div>\n\t\t\t\t<\/div>\n\t\t\t\t<div class=\"elementor-element elementor-element-cfaf8b6 elementor-widget-divider--view-line elementor-widget elementor-widget-divider\" data-id=\"cfaf8b6\" data-element_type=\"widget\" data-e-type=\"widget\" data-widget_type=\"divider.default\">\n\t\t\t\t<div class=\"elementor-widget-container\">\n\t\t\t\t\t\t\t<div class=\"elementor-divider\">\n\t\t\t<span class=\"elementor-divider-separator\">\n\t\t\t\t\t\t<\/span>\n\t\t<\/div>\n\t\t\t\t\t\t<\/div>\n\t\t\t\t<\/div>\n\t\t\t\t<div class=\"elementor-element elementor-element-90fd43d elementor-widget elementor-widget-heading\" data-id=\"90fd43d\" data-element_type=\"widget\" data-e-type=\"widget\" data-widget_type=\"heading.default\">\n\t\t\t\t<div class=\"elementor-widget-container\">\n\t\t\t\t\t<div class=\"elementor-heading-title elementor-size-default\">Co-founder and programme curator <\/div>\t\t\t\t<\/div>\n\t\t\t\t<\/div>\n\t\t\t\t<div class=\"elementor-element elementor-element-a7c5444 elementor-widget elementor-widget-heading\" data-id=\"a7c5444\" data-element_type=\"widget\" data-e-type=\"widget\" data-widget_type=\"heading.default\">\n\t\t\t\t<div class=\"elementor-widget-container\">\n\t\t\t\t\t<div class=\"elementor-heading-title elementor-size-default\"><a href=\"tel:+421903564135\">+421 903 564 135<\/a><\/div>\t\t\t\t<\/div>\n\t\t\t\t<\/div>\n\t\t\t\t<div class=\"elementor-element elementor-element-32c6739 elementor-widget elementor-widget-heading\" data-id=\"32c6739\" data-element_type=\"widget\" data-e-type=\"widget\" data-widget_type=\"heading.default\">\n\t\t\t\t<div class=\"elementor-widget-container\">\n\t\t\t\t\t<div class=\"elementor-heading-title elementor-size-default\"><a href=\"mailto:dusan@dusanplichta.com\">dusan@dusanplichta.com<\/a><\/div>\t\t\t\t<\/div>\n\t\t\t\t<\/div>\n\t\t\t\t<\/div>\n\t\t\t\t<\/div>\n\t\t\t\t<\/div>\n\t\t\t\t<\/div>\n\t\t\t\t<\/div>\n\t\t\t\t<\/div>\n\t\t","protected":false},"excerpt":{"rendered":"<p>Johnny Allister Partnership Director +420 728 192 498 jan@allister.cz Daniela Sl\u00e1dkov\u00e1 Event coordinator +420 737 253 588 daniela@futurefoodprague.cz Vladim\u00edr Dolej\u0161 Co-founder and event production vladimir@futurefoodprague.cz Du\u0161an Plichta Co-founder and programme curator +421 903 564 135 dusan@dusanplichta.com<\/p>\n","protected":false},"author":1,"featured_media":0,"parent":0,"menu_order":0,"comment_status":"closed","ping_status":"closed","template":"elementor_header_footer","meta":{"footnotes":""},"class_list":["post-498","page","type-page","status-publish","hentry"],"_links":{"self":[{"href":"https:\/\/biohackingsummit.cz\/en\/wp-json\/wp\/v2\/pages\/498","targetHints":{"allow":["GET"]}}],"collection":[{"href":"https:\/\/biohackingsummit.cz\/en\/wp-json\/wp\/v2\/pages"}],"about":[{"href":"https:\/\/biohackingsummit.cz\/en\/wp-json\/wp\/v2\/types\/page"}],"author":[{"embeddable":true,"href":"https:\/\/biohackingsummit.cz\/en\/wp-json\/wp\/v2\/users\/1"}],"replies":[{"embeddable":true,"href":"https:\/\/biohackingsummit.cz\/en\/wp-json\/wp\/v2\/comments?post=498"}],"version-history":[{"count":55,"href":"https:\/\/biohackingsummit.cz\/en\/wp-json\/wp\/v2\/pages\/498\/revisions"}],"predecessor-version":[{"id":1595,"href":"https:\/\/biohackingsummit.cz\/en\/wp-json\/wp\/v2\/pages\/498\/revisions\/1595"}],"wp:attachment":[{"href":"https:\/\/biohackingsummit.cz\/en\/wp-json\/wp\/v2\/media?parent=498"}],"curies":[{"name":"wp","href":"https:\/\/api.w.org\/{rel}","templated":true}]}}