{"id":3637,"date":"2026-01-26T12:05:56","date_gmt":"2026-01-26T11:05:56","guid":{"rendered":"https:\/\/biohackingsummit.cz\/records-archive-of-previous-years\/"},"modified":"2026-02-02T14:07:34","modified_gmt":"2026-02-02T13:07:34","slug":"records-archive-of-previous-years","status":"publish","type":"page","link":"https:\/\/biohackingsummit.cz\/en\/records-archive-of-previous-years\/","title":{"rendered":"Records &amp; archive of previous years"},"content":{"rendered":"\t\t<div data-elementor-type=\"wp-page\" data-elementor-id=\"3637\" class=\"elementor elementor-3637 elementor-3281\" data-elementor-post-type=\"page\">\n\t\t\t\t<div class=\"elementor-element elementor-element-1ba7585 e-con-full e-flex e-con e-parent\" data-id=\"1ba7585\" data-element_type=\"container\" data-e-type=\"container\" data-settings=\"{&quot;background_background&quot;:&quot;classic&quot;}\">\n\t\t\t\t<div class=\"elementor-element elementor-element-fa8a49f elementor-widget__width-inherit elementor-widget elementor-widget-heading\" data-id=\"fa8a49f\" data-element_type=\"widget\" data-e-type=\"widget\" data-widget_type=\"heading.default\">\n\t\t\t\t<div class=\"elementor-widget-container\">\n\t\t\t\t\t<h1 class=\"elementor-heading-title elementor-size-default\">Records and archive<\/h1>\t\t\t\t<\/div>\n\t\t\t\t<\/div>\n\t\t\t\t<div class=\"elementor-element elementor-element-3ebfbb4 elementor-widget__width-inherit elementor-widget elementor-widget-heading\" data-id=\"3ebfbb4\" data-element_type=\"widget\" data-e-type=\"widget\" data-widget_type=\"heading.default\">\n\t\t\t\t<div class=\"elementor-widget-container\">\n\t\t\t\t\t<h2 class=\"elementor-heading-title elementor-size-default\">Access the full biohacking summit archive<\/h2>\t\t\t\t<\/div>\n\t\t\t\t<\/div>\n\t\t\t\t<\/div>\n\t\t<div class=\"elementor-element elementor-element-882f80e e-flex e-con-boxed e-con e-parent\" data-id=\"882f80e\" data-element_type=\"container\" data-e-type=\"container\" data-settings=\"{&quot;background_background&quot;:&quot;classic&quot;}\">\n\t\t\t\t\t<div class=\"e-con-inner\">\n\t\t\t\t<div class=\"elementor-element elementor-element-d4bba94 elementor-widget elementor-widget-html\" data-id=\"d4bba94\" data-element_type=\"widget\" data-e-type=\"widget\" data-widget_type=\"html.default\">\n\t\t\t\t<div class=\"elementor-widget-container\">\n\t\t\t\t\t<style>\/* Inviton Widget - Custom Styles *\/\n\n\/* Fonty *\/\n.inviton-widget-root,\n.inviton-widget-root * {\n    font-family: 'helvetica-neue-lt-pro', Helvetica, Arial, sans-serif !important;\n}\n\n\/* N\u00e1zvy vstupenek - verz\u00e1lky, v\u011bt\u0161\u00ed *\/\n.inviton-widget-root .its-name {\n    text-transform: uppercase !important;\n    letter-spacing: 0.05em !important;\n    color: #000000 !important;\n    font-size: 20px !important;\n    margin-bottom: 8px !important;\n}\n\n\/* Popis *\/\n.inviton-widget-root .its-desc {\n    color: #000000 !important;\n}\n\n\/* Cena *\/\n.inviton-widget-root .its-price-value {\n    color: #000000 !important;\n}\n\n\/* Jednotliv\u00e9 polo\u017eky - v\u011bt\u0161\u00ed mezery *\/\n.inviton-widget-root .its-item {\n    padding: 25px 0 !important;\n    border-bottom: 1px solid #e0e0e0 !important;\n}\n\n.inviton-widget-root .its-item:last-child {\n    border-bottom: none !important;\n}\n\n\/* Zb\u00fdvaj\u00edc\u00ed po\u010det - \u017elut\u00fd \u0161t\u00edtek *\/\n.inviton-widget-root .its-remaining {\n    background-color: #FFFD0F !important;\n    color: #000000 !important;\n}\n\n\/* Tla\u010d\u00edtka +\/- *\/\n.inviton-widget-root .inp-minus,\n.inviton-widget-root .inp-plus {\n    background-color: #000000 !important;\n    color: #FFFFFF !important;\n}\n\n.inviton-widget-root .inp-minus:hover,\n.inviton-widget-root .inp-plus:hover {\n    background-color: #FFFD0F !important;\n    color: #000000 !important;\n}\n\n\/* Tla\u010d\u00edtko Zakoupit - rounded a bold *\/\n.inviton-widget-root .its-submit-button {\n    background-color: #FFFD0F !important;\n    color: #000000 !important;\n    border: 2px solid #000000 !important;\n    text-transform: uppercase !important;\n    letter-spacing: 0.1em !important;\n    border-radius: 50px !important;\n    font-weight: 700 !important;\n    padding: 12px 40px !important;\n}\n\n.inviton-widget-root .its-submit-button:hover:not(:disabled) {\n    background-color: #000000 !important;\n    color: #FFFD0F !important;\n}\n\n\/* Loading *\/\n.holdon-white.holdon-overlay {\n    background: rgba(240, 240, 240, 0.95) !important;\n}\n\n.holdon-white .sk-rect > div {\n    background-color: #FFFD0F !important;\n}\n\n\/* MOBIL - cena a po\u010det pod sebe *\/\n@media screen and (max-width: 768px) {\n    .inviton-widget-root .its-item .its-inner,\n    .inviton-widget-root .its-inner[data-inv-role=\"its-root-child\"] {\n        display: flex !important;\n        flex-direction: column !important;\n        align-items: flex-start !important;\n        width: 100% !important;\n    }\n    \n    .inviton-widget-root .its-item .its-body,\n    .inviton-widget-root .its-body {\n        width: 100% !important;\n        flex: none !important;\n        margin-bottom: 15px !important;\n        order: 1 !important;\n    }\n    \n    .inviton-widget-root .its-item .its-pricing,\n    .inviton-widget-root .its-pricing {\n        width: 100% !important;\n        flex: none !important;\n        margin-bottom: 15px !important;\n        text-align: left !important;\n        order: 2 !important;\n    }\n    \n    .inviton-widget-root .its-item .its-counter,\n    .inviton-widget-root .its-counter {\n        width: 100% !important;\n        flex: none !important;\n        justify-content: flex-start !important;\n        order: 3 !important;\n    }\n    \n    .inviton-widget-root .its-price-value {\n        font-size: 20px !important;\n        font-weight: 700 !important;\n    }\n}\n<\/style><div id=\"invitonApiWrap-20393auto\" style=\"position:relative;\" class=\"inviton-widget-root\"><div style=\"text-align: center; padding-top: 60px;\">Na\u010d\u00edt\u00e1m <a href=\"https:\/\/www.inviton.cz\/online-predprodej-vstupenek\" target=\"_blank\" rel=\"noopener\">Online prodej vstupenek<\/a>, \u010dekejte pros\u00edm...<\/div><\/div><script>(function (i, n, v, l, t, o, m) {\n        if (!i['InvitonApiObject']) {\n            var cq=[],ia={showLoading:function(d){function f(p,q){h+='<div class=\"'+p+'\">'+(q?'<\/div>':'')}function g(p){f('rect'+p,!0)}var h='';f('holdon-content'),f('sk-rect');for(var j=1;6>j;j++)g(j);h+='<\/div><\/div>';var k=document.createElement('div');k.setAttribute('class','holdon-white holdon-overlay holdon-element'),k.innerHTML=h,d.appendChild(k)},pushCommand:function(d,f,g){null!=g&&null!=g.targetElement&&!1!=g.blockElem&&ia.showLoading(g.targetElement),cq.push([d,f,g])},getQueue:function(){return cq}},gcd=function(){var d=new Date,f=d.getMinutes();return 1==Math.abs(f%2)&&(d=new Date(d.getTime()-6e4)),d.setSeconds(0),d.setMilliseconds(0),d.getTime()};i.InvitonApiObject=ia,o=n.createElement('style'),o.innerHTML='.holdon-overlay{position:absolute;left:0;top:0;bottom:0;right:0;background:#000;background:rgba(0,0,0,.48);z-index:999;cursor:wait}.holdon-content{width:50px;height:57px;position:absolute;top:50%;left:50%;margin:-21px 0 0 -25px}.sk-rect{width:50px;height:40px;text-align:center;font-size:10px}.sk-rect>div{background-color:#b3b3b3;height:100%;width:6px;display:inline-block;-webkit-animation:sk-rect-anim 1.2s infinite ease-in-out;animation:sk-rect-anim 1.2s infinite ease-in-out;margin-left:2px}.sk-rect .rect2{-webkit-animation-delay:-1.1s;animation-delay:-1.1s}.sk-rect .rect3{-webkit-animation-delay:-1s;animation-delay:-1s}.sk-rect .rect4{-webkit-animation-delay:-.9s;animation-delay:-.9s}.sk-rect .rect5{-webkit-animation-delay:-.8s;animation-delay:-.8s}@-webkit-keyframes sk-rect-anim{0%,100%,40%{-webkit-transform:scaleY(.4)}20%{-webkit-transform:scaleY(1)}}@keyframes sk-rect-anim{0%,100%,40%{transform:scaleY(.4);-webkit-transform:scaleY(.4)}20%{transform:scaleY(1);-webkit-transform:scaleY(1)}}.holdon-white.holdon-overlay{background:rgba(255,255,255,.9)}.holdon-white.holdon-overlay .sk-rect>div{background-color:#cecece}',n.head.appendChild(o),i[t]=function(d,f,g){ia.pushCommand(d,f,g)},o=n.createElement(v),m=n.getElementsByTagName(v)[0],o.async=1,o.src=l+'?v='+gcd(),m.parentNode.insertBefore(o,m);\n        }\n    })(window, document, 'script', 'https:\/\/inviton-cdn.azureedge.net\/clientside-api\/js\/api-loader', 'invitonApi');\n    invitonApi('ticketSelector', 'renderForIds', {\n        language: 'auto',\n        eventIds: [20393],\n        targetElement: document.getElementById('invitonApiWrap-20393auto')\n    })\n<\/script>\t\t\t\t<\/div>\n\t\t\t\t<\/div>\n\t\t\t\t\t<\/div>\n\t\t\t\t<\/div>\n\t\t\t\t<\/div>\n\t\t","protected":false},"excerpt":{"rendered":"<p>Records and archive Access the full biohacking summit archive Na\u010d\u00edt\u00e1m Online prodej vstupenek, \u010dekejte pros\u00edm&#8230;<\/p>\n","protected":false},"author":1,"featured_media":0,"parent":0,"menu_order":0,"comment_status":"closed","ping_status":"closed","template":"","meta":{"footnotes":""},"class_list":["post-3637","page","type-page","status-publish","hentry"],"_links":{"self":[{"href":"https:\/\/biohackingsummit.cz\/en\/wp-json\/wp\/v2\/pages\/3637","targetHints":{"allow":["GET"]}}],"collection":[{"href":"https:\/\/biohackingsummit.cz\/en\/wp-json\/wp\/v2\/pages"}],"about":[{"href":"https:\/\/biohackingsummit.cz\/en\/wp-json\/wp\/v2\/types\/page"}],"author":[{"embeddable":true,"href":"https:\/\/biohackingsummit.cz\/en\/wp-json\/wp\/v2\/users\/1"}],"replies":[{"embeddable":true,"href":"https:\/\/biohackingsummit.cz\/en\/wp-json\/wp\/v2\/comments?post=3637"}],"version-history":[{"count":10,"href":"https:\/\/biohackingsummit.cz\/en\/wp-json\/wp\/v2\/pages\/3637\/revisions"}],"predecessor-version":[{"id":4099,"href":"https:\/\/biohackingsummit.cz\/en\/wp-json\/wp\/v2\/pages\/3637\/revisions\/4099"}],"wp:attachment":[{"href":"https:\/\/biohackingsummit.cz\/en\/wp-json\/wp\/v2\/media?parent=3637"}],"curies":[{"name":"wp","href":"https:\/\/api.w.org\/{rel}","templated":true}]}}